{"id":253623,"date":"2023-11-29T22:33:48","date_gmt":"2023-11-29T21:33:48","guid":{"rendered":"https:\/\/gigicampanile.com\/index.php\/pescatori\/"},"modified":"2023-11-29T22:41:05","modified_gmt":"2023-11-29T21:41:05","slug":"pescatori","status":"publish","type":"page","link":"https:\/\/gigicampanile.com\/index.php\/pescatori\/?lang=it","title":{"rendered":"Pescatori"},"content":{"rendered":"<p>[et_pb_section fb_built=&#8221;1&#8243; _builder_version=&#8221;4.23.1&#8243; _module_preset=&#8221;default&#8221; global_colors_info=&#8221;{}&#8221;][et_pb_row _builder_version=&#8221;4.20.0&#8243; _module_preset=&#8221;default&#8221; locked=&#8221;off&#8221; global_colors_info=&#8221;{}&#8221;][et_pb_column type=&#8221;4_4&#8243; _builder_version=&#8221;4.20.0&#8243; _module_preset=&#8221;default&#8221; global_colors_info=&#8221;{}&#8221;][et_pb_text _builder_version=&#8221;4.23.1&#8243; _module_preset=&#8221;52d489c7-6a2a-4ee6-8661-427382615e95&#8243; global_colors_info=&#8221;{}&#8221;]<\/p>\n<h1>Pescatori Asiatici<\/h1>\n<p>[\/et_pb_text][\/et_pb_column][\/et_pb_row][et_pb_row _builder_version=&#8221;4.23.1&#8243; _module_preset=&#8221;default&#8221; global_colors_info=&#8221;{}&#8221;][et_pb_column type=&#8221;4_4&#8243; _builder_version=&#8221;4.23.1&#8243; _module_preset=&#8221;default&#8221; global_colors_info=&#8221;{}&#8221;][dmg_masonry_gallery gallery=&#8221;253593,253595,253597,253599,253601,253603,253605,253607,253612,253614&#8243; columns=&#8221;2&#8243; gutter=&#8221;5&#8243; zoom_hover=&#8221;on&#8221; randomize=&#8221;on&#8221; paginate_gallery=&#8221;load_more&#8221; page_size=&#8221;12&#8243; _builder_version=&#8221;4.23.1&#8243; _module_preset=&#8221;default&#8221; global_colors_info=&#8221;{}&#8221;][\/dmg_masonry_gallery][\/et_pb_column][\/et_pb_row][\/et_pb_section]<\/p>\n","protected":false},"excerpt":{"rendered":"<p>Pescatori Asiatici<div class=\"et_pb_module dmg_masonry_gallery dmg_masonry_gallery_0\">\n\t\t\t\t\n\t\t\t\t\n\t\t\t\t\n\t\t\t\t\n\t\t\t\t\n\t\t\t\t\n\t\t\t\t<div class=\"et_pb_module_inner\">\n\t\t\t\t\t\n\t\t\t<div class=\"dmg-gallery-wrapper\">\n\t\t\t\t\n\t\t\t\t<div class=\"dmg-gallery dmg-modal-gallery  dmg-zoom-gallery\">\n\t\t\t\t\t<div class=\"dmg-gallery-sizer\"><\/div>\n\t\t\t\t\t<div class=\"dmg-gutter-sizer\"><\/div>\n\t\t\t\t\t\n\t\t\t\t\t\t\t<a data-width=\"810\" data-height=\"540\" href=\"https:\/\/gigicampanile.com\/wp-content\/uploads\/2023\/11\/Fishermen_2022.jpg\"  data-categories=\"\" class=\"dmg_masonry_gallery_item \" >\n\t\t\t\t\t\t\t\t<img class=\"dmg-lazyload\" alt=\"\" data-src=\"https:\/\/gigicampanile.com\/wp-content\/uploads\/2023\/11\/Fishermen_2022.jpg\" width=\"810\" height=\"540\" \/>\n\t\t\t\t\t\t\t\t<span class=\"et_overlay\"><\/span>\n\t\t\t\t\t\t\t<\/a>\n\t\t\t\t\t\t\t\n\t\t\t\t\t\t\t<a data-width=\"810\" data-height=\"540\" href=\"https:\/\/gigicampanile.com\/wp-content\/uploads\/2023\/11\/Fishermen_6_2022.jpg\"  data-categories=\"\" class=\"dmg_masonry_gallery_item \" >\n\t\t\t\t\t\t\t\t<img class=\"dmg-lazyload\" alt=\"\" data-src=\"https:\/\/gigicampanile.com\/wp-content\/uploads\/2023\/11\/Fishermen_6_2022.jpg\" width=\"810\" height=\"540\" \/>\n\t\t\t\t\t\t\t\t<span class=\"et_overlay\"><\/span>\n\t\t\t\t\t\t\t<\/a>\n\t\t\t\t\t\t\t\n\t\t\t\t\t\t\t<a data-width=\"810\" data-height=\"540\" href=\"https:\/\/gigicampanile.com\/wp-content\/uploads\/2023\/11\/Fishermen_3_2022.jpg\"  data-categories=\"\" class=\"dmg_masonry_gallery_item \" >\n\t\t\t\t\t\t\t\t<img class=\"dmg-lazyload\" alt=\"\" data-src=\"https:\/\/gigicampanile.com\/wp-content\/uploads\/2023\/11\/Fishermen_3_2022.jpg\" width=\"810\" height=\"540\" \/>\n\t\t\t\t\t\t\t\t<span class=\"et_overlay\"><\/span>\n\t\t\t\t\t\t\t<\/a>\n\t\t\t\t\t\t\t\n\t\t\t\t\t\t\t<a data-width=\"810\" data-height=\"540\" href=\"https:\/\/gigicampanile.com\/wp-content\/uploads\/2023\/11\/Fishermen_9_2022.jpg\"  data-categories=\"\" class=\"dmg_masonry_gallery_item \" >\n\t\t\t\t\t\t\t\t<img class=\"dmg-lazyload\" alt=\"\" data-src=\"https:\/\/gigicampanile.com\/wp-content\/uploads\/2023\/11\/Fishermen_9_2022.jpg\" width=\"810\" height=\"540\" \/>\n\t\t\t\t\t\t\t\t<span class=\"et_overlay\"><\/span>\n\t\t\t\t\t\t\t<\/a>\n\t\t\t\t\t\t\t\n\t\t\t\t\t\t\t<a data-width=\"810\" data-height=\"540\" href=\"https:\/\/gigicampanile.com\/wp-content\/uploads\/2023\/11\/Fishermen_2_2022.jpg\"  data-categories=\"\" class=\"dmg_masonry_gallery_item \" >\n\t\t\t\t\t\t\t\t<img class=\"dmg-lazyload\" alt=\"\" data-src=\"https:\/\/gigicampanile.com\/wp-content\/uploads\/2023\/11\/Fishermen_2_2022.jpg\" width=\"810\" height=\"540\" \/>\n\t\t\t\t\t\t\t\t<span class=\"et_overlay\"><\/span>\n\t\t\t\t\t\t\t<\/a>\n\t\t\t\t\t\t\t\n\t\t\t\t\t\t\t<a data-width=\"810\" data-height=\"540\" href=\"https:\/\/gigicampanile.com\/wp-content\/uploads\/2023\/11\/Fishermen_10_2022.jpg\"  data-categories=\"\" class=\"dmg_masonry_gallery_item \" >\n\t\t\t\t\t\t\t\t<img class=\"dmg-lazyload\" alt=\"\" data-src=\"https:\/\/gigicampanile.com\/wp-content\/uploads\/2023\/11\/Fishermen_10_2022.jpg\" width=\"810\" height=\"540\" \/>\n\t\t\t\t\t\t\t\t<span class=\"et_overlay\"><\/span>\n\t\t\t\t\t\t\t<\/a>\n\t\t\t\t\t\t\t\n\t\t\t\t\t\t\t<a data-width=\"810\" data-height=\"540\" href=\"https:\/\/gigicampanile.com\/wp-content\/uploads\/2023\/11\/Fishermen_8_2022.jpg\"  data-categories=\"\" class=\"dmg_masonry_gallery_item \" >\n\t\t\t\t\t\t\t\t<img class=\"dmg-lazyload\" alt=\"\" data-src=\"https:\/\/gigicampanile.com\/wp-content\/uploads\/2023\/11\/Fishermen_8_2022.jpg\" width=\"810\" height=\"540\" \/>\n\t\t\t\t\t\t\t\t<span class=\"et_overlay\"><\/span>\n\t\t\t\t\t\t\t<\/a>\n\t\t\t\t\t\t\t\n\t\t\t\t\t\t\t<a data-width=\"810\" data-height=\"540\" href=\"https:\/\/gigicampanile.com\/wp-content\/uploads\/2023\/11\/Fishermen_1_2022-1.jpg\"  data-categories=\"\" class=\"dmg_masonry_gallery_item \" >\n\t\t\t\t\t\t\t\t<img class=\"dmg-lazyload\" alt=\"\" data-src=\"https:\/\/gigicampanile.com\/wp-content\/uploads\/2023\/11\/Fishermen_1_2022-1.jpg\" width=\"810\" height=\"540\" \/>\n\t\t\t\t\t\t\t\t<span class=\"et_overlay\"><\/span>\n\t\t\t\t\t\t\t<\/a>\n\t\t\t\t\t\t\t\n\t\t\t\t\t\t\t<a data-width=\"810\" data-height=\"540\" href=\"https:\/\/gigicampanile.com\/wp-content\/uploads\/2023\/11\/Fishermen_4_2022.jpg\"  data-categories=\"\" class=\"dmg_masonry_gallery_item \" >\n\t\t\t\t\t\t\t\t<img class=\"dmg-lazyload\" alt=\"\" data-src=\"https:\/\/gigicampanile.com\/wp-content\/uploads\/2023\/11\/Fishermen_4_2022.jpg\" width=\"810\" height=\"540\" \/>\n\t\t\t\t\t\t\t\t<span class=\"et_overlay\"><\/span>\n\t\t\t\t\t\t\t<\/a>\n\t\t\t\t\t\t\t\n\t\t\t\t\t\t\t<a data-width=\"810\" data-height=\"540\" href=\"https:\/\/gigicampanile.com\/wp-content\/uploads\/2023\/11\/Fishermen_7_2022.jpg\"  data-categories=\"\" class=\"dmg_masonry_gallery_item \" >\n\t\t\t\t\t\t\t\t<img class=\"dmg-lazyload\" alt=\"\" data-src=\"https:\/\/gigicampanile.com\/wp-content\/uploads\/2023\/11\/Fishermen_7_2022.jpg\" width=\"810\" height=\"540\" \/>\n\t\t\t\t\t\t\t\t<span class=\"et_overlay\"><\/span>\n\t\t\t\t\t\t\t<\/a>\n\t\t\t\t\t\t\t\n\t  \t\t\t<\/div>\n\t  \t\t\t\n  \t\t\t<\/div>\n  \t\t\t\n\t\t\t\t<\/div>\n\t\t\t<\/div><\/p>\n","protected":false},"author":1,"featured_media":0,"parent":0,"menu_order":0,"comment_status":"closed","ping_status":"closed","template":"","meta":{"_seopress_robots_primary_cat":"","_seopress_titles_title":"Pescatori %%sep%% %%sitetitle%%","_seopress_titles_desc":"La pesca \u00e8 stata per secoli una fonte vitale di sostentamento e sostentamento per molte comunit\u00e0 asiatiche. L'approccio di ciascuna comunit\u00e0 alla pesca \u00e8 influenzato dal suo contesto culturale, economico e ambientale. ","_seopress_robots_index":"","_et_pb_use_builder":"on","_et_pb_old_content":"","_et_gb_content_width":"","footnotes":""},"class_list":["post-253623","page","type-page","status-publish","hentry"],"_links":{"self":[{"href":"https:\/\/gigicampanile.com\/index.php\/wp-json\/wp\/v2\/pages\/253623","targetHints":{"allow":["GET"]}}],"collection":[{"href":"https:\/\/gigicampanile.com\/index.php\/wp-json\/wp\/v2\/pages"}],"about":[{"href":"https:\/\/gigicampanile.com\/index.php\/wp-json\/wp\/v2\/types\/page"}],"author":[{"embeddable":true,"href":"https:\/\/gigicampanile.com\/index.php\/wp-json\/wp\/v2\/users\/1"}],"replies":[{"embeddable":true,"href":"https:\/\/gigicampanile.com\/index.php\/wp-json\/wp\/v2\/comments?post=253623"}],"version-history":[{"count":7,"href":"https:\/\/gigicampanile.com\/index.php\/wp-json\/wp\/v2\/pages\/253623\/revisions"}],"predecessor-version":[{"id":253631,"href":"https:\/\/gigicampanile.com\/index.php\/wp-json\/wp\/v2\/pages\/253623\/revisions\/253631"}],"wp:attachment":[{"href":"https:\/\/gigicampanile.com\/index.php\/wp-json\/wp\/v2\/media?parent=253623"}],"curies":[{"name":"wp","href":"https:\/\/api.w.org\/{rel}","templated":true}]}}